{"id":271,"date":"2022-06-13T18:50:43","date_gmt":"2022-06-13T16:50:43","guid":{"rendered":"http:\/\/www.pratique-immo.com\/?page_id=271"},"modified":"2022-07-14T11:20:24","modified_gmt":"2022-07-14T09:20:24","slug":"mise-en-vente","status":"publish","type":"page","link":"https:\/\/www.pratique-immo.com\/index.php\/mise-en-vente\/","title":{"rendered":"Mise en vente"},"content":{"rendered":"\t\t<div data-elementor-type=\"wp-page\" data-elementor-id=\"271\" class=\"elementor elementor-271\">\n\t\t\t\t\t\t\t\t\t<section class=\"elementor-section elementor-top-section elementor-element elementor-element-4ba3cba9 elementor-section-boxed elementor-section-height-default elementor-section-height-default\" data-id=\"4ba3cba9\" data-element_type=\"section\">\n\t\t\t\t\t\t<div class=\"elementor-container elementor-column-gap-default\">\n\t\t\t\t\t<div class=\"elementor-column elementor-col-100 elementor-top-column elementor-element elementor-element-70a5ad0\" data-id=\"70a5ad0\" data-element_type=\"column\">\n\t\t\t<div class=\"elementor-widget-wrap elementor-element-populated\">\n\t\t\t\t\t\t\t\t<section class=\"elementor-section elementor-inner-section elementor-element elementor-element-54baf7b elementor-section-boxed elementor-section-height-default elementor-section-height-default\" data-id=\"54baf7b\" data-element_type=\"section\" data-settings=\"{&quot;background_background&quot;:&quot;classic&quot;}\">\n\t\t\t\t\t\t<div class=\"elementor-container elementor-column-gap-default\">\n\t\t\t\t\t<div class=\"elementor-column elementor-col-100 elementor-inner-column elementor-element elementor-element-539aa866 classBT01\" data-id=\"539aa866\" data-element_type=\"column\" id=\"idP1B1\" data-settings=\"{&quot;background_background&quot;:&quot;classic&quot;,&quot;animation_mobile&quot;:&quot;none&quot;}\">\n\t\t\t<div class=\"elementor-widget-wrap elementor-element-populated\">\n\t\t\t\t\t\t\t\t<div class=\"elementor-element elementor-element-f7ddafb elementor-widget elementor-widget-image\" data-id=\"f7ddafb\" data-element_type=\"widget\" data-widget_type=\"image.default\">\n\t\t\t\t<div class=\"elementor-widget-container\">\n\t\t\t<style>\/*! elementor - v3.6.7 - 03-07-2022 *\/\n.elementor-widget-image{text-align:center}.elementor-widget-image a{display:inline-block}.elementor-widget-image a img[src$=\".svg\"]{width:48px}.elementor-widget-image img{vertical-align:middle;display:inline-block}<\/style>\t\t\t\t\t\t\t\t\t\t\t\t\t<a href=\"http:\/\/www.pratique-immo.com\">\n\t\t\t\t\t\t\t<img loading=\"lazy\" decoding=\"async\" width=\"300\" height=\"147\" src=\"https:\/\/www.pratique-immo.com\/wp-content\/uploads\/2022\/06\/preparation_docs-300x147.png\" class=\"attachment-medium size-medium\" alt=\"\" srcset=\"https:\/\/www.pratique-immo.com\/wp-content\/uploads\/2022\/06\/preparation_docs-300x147.png 300w, https:\/\/www.pratique-immo.com\/wp-content\/uploads\/2022\/06\/preparation_docs-1024x501.png 1024w, https:\/\/www.pratique-immo.com\/wp-content\/uploads\/2022\/06\/preparation_docs-768x375.png 768w, https:\/\/www.pratique-immo.com\/wp-content\/uploads\/2022\/06\/preparation_docs-1536x751.png 1536w, https:\/\/www.pratique-immo.com\/wp-content\/uploads\/2022\/06\/preparation_docs.png 1620w\" sizes=\"auto, (max-width: 300px) 100vw, 300px\" \/>\t\t\t\t\t\t\t\t<\/a>\n\t\t\t\t\t\t\t\t\t\t\t\t\t\t\t<\/div>\n\t\t\t\t<\/div>\n\t\t\t\t<div class=\"elementor-element elementor-element-4df55eef elementor-widget elementor-widget-heading\" data-id=\"4df55eef\" data-element_type=\"widget\" data-widget_type=\"heading.default\">\n\t\t\t\t<div class=\"elementor-widget-container\">\n\t\t\t<style>\/*! elementor - v3.6.7 - 03-07-2022 *\/\n.elementor-heading-title{padding:0;margin:0;line-height:1}.elementor-widget-heading .elementor-heading-title[class*=elementor-size-]>a{color:inherit;font-size:inherit;line-height:inherit}.elementor-widget-heading .elementor-heading-title.elementor-size-small{font-size:15px}.elementor-widget-heading .elementor-heading-title.elementor-size-medium{font-size:19px}.elementor-widget-heading .elementor-heading-title.elementor-size-large{font-size:29px}.elementor-widget-heading .elementor-heading-title.elementor-size-xl{font-size:39px}.elementor-widget-heading .elementor-heading-title.elementor-size-xxl{font-size:59px}<\/style><h2 class=\"elementor-heading-title elementor-size-default\"><a href=\"http:\/\/www.pratique-immo.com\">Mise en vente<\/a><\/h2>\t\t<\/div>\n\t\t\t\t<\/div>\n\t\t\t\t<div class=\"elementor-element elementor-element-2be2cd3 elementor-widget-divider--view-line elementor-widget elementor-widget-divider\" data-id=\"2be2cd3\" data-element_type=\"widget\" data-widget_type=\"divider.default\">\n\t\t\t\t<div class=\"elementor-widget-container\">\n\t\t\t<style>\/*! elementor - v3.6.7 - 03-07-2022 *\/\n.elementor-widget-divider{--divider-border-style:none;--divider-border-width:1px;--divider-color:#2c2c2c;--divider-icon-size:20px;--divider-element-spacing:10px;--divider-pattern-height:24px;--divider-pattern-size:20px;--divider-pattern-url:none;--divider-pattern-repeat:repeat-x}.elementor-widget-divider .elementor-divider{display:-webkit-box;display:-ms-flexbox;display:flex}.elementor-widget-divider .elementor-divider__text{font-size:15px;line-height:1;max-width:95%}.elementor-widget-divider .elementor-divider__element{margin:0 var(--divider-element-spacing);-ms-flex-negative:0;flex-shrink:0}.elementor-widget-divider .elementor-icon{font-size:var(--divider-icon-size)}.elementor-widget-divider .elementor-divider-separator{display:-webkit-box;display:-ms-flexbox;display:flex;margin:0;direction:ltr}.elementor-widget-divider--view-line_icon .elementor-divider-separator,.elementor-widget-divider--view-line_text .elementor-divider-separator{-webkit-box-align:center;-ms-flex-align:center;align-items:center}.elementor-widget-divider--view-line_icon .elementor-divider-separator:after,.elementor-widget-divider--view-line_icon .elementor-divider-separator:before,.elementor-widget-divider--view-line_text .elementor-divider-separator:after,.elementor-widget-divider--view-line_text .elementor-divider-separator:before{display:block;content:\"\";border-bottom:0;-webkit-box-flex:1;-ms-flex-positive:1;flex-grow:1;border-top:var(--divider-border-width) var(--divider-border-style) var(--divider-color)}.elementor-widget-divider--element-align-left .elementor-divider .elementor-divider-separator>.elementor-divider__svg:first-of-type{-webkit-box-flex:0;-ms-flex-positive:0;flex-grow:0;-ms-flex-negative:100;flex-shrink:100}.elementor-widget-divider--element-align-left .elementor-divider-separator:before{content:none}.elementor-widget-divider--element-align-left .elementor-divider__element{margin-left:0}.elementor-widget-divider--element-align-right .elementor-divider .elementor-divider-separator>.elementor-divider__svg:last-of-type{-webkit-box-flex:0;-ms-flex-positive:0;flex-grow:0;-ms-flex-negative:100;flex-shrink:100}.elementor-widget-divider--element-align-right .elementor-divider-separator:after{content:none}.elementor-widget-divider--element-align-right .elementor-divider__element{margin-right:0}.elementor-widget-divider:not(.elementor-widget-divider--view-line_text):not(.elementor-widget-divider--view-line_icon) .elementor-divider-separator{border-top:var(--divider-border-width) var(--divider-border-style) var(--divider-color)}.elementor-widget-divider--separator-type-pattern{--divider-border-style:none}.elementor-widget-divider--separator-type-pattern.elementor-widget-divider--view-line .elementor-divider-separator,.elementor-widget-divider--separator-type-pattern:not(.elementor-widget-divider--view-line) .elementor-divider-separator:after,.elementor-widget-divider--separator-type-pattern:not(.elementor-widget-divider--view-line) .elementor-divider-separator:before,.elementor-widget-divider--separator-type-pattern:not([class*=elementor-widget-divider--view]) .elementor-divider-separator{width:100%;min-height:var(--divider-pattern-height);-webkit-mask-size:var(--divider-pattern-size) 100%;mask-size:var(--divider-pattern-size) 100%;-webkit-mask-repeat:var(--divider-pattern-repeat);mask-repeat:var(--divider-pattern-repeat);background-color:var(--divider-color);-webkit-mask-image:var(--divider-pattern-url);mask-image:var(--divider-pattern-url)}.elementor-widget-divider--no-spacing{--divider-pattern-size:auto}.elementor-widget-divider--bg-round{--divider-pattern-repeat:round}.rtl .elementor-widget-divider .elementor-divider__text{direction:rtl}<\/style>\t\t<div class=\"elementor-divider\">\n\t\t\t<span class=\"elementor-divider-separator\">\n\t\t\t\t\t\t<\/span>\n\t\t<\/div>\n\t\t\t\t<\/div>\n\t\t\t\t<\/div>\n\t\t\t\t<div class=\"elementor-element elementor-element-1d19325 elementor-widget elementor-widget-text-editor\" data-id=\"1d19325\" data-element_type=\"widget\" data-widget_type=\"text-editor.default\">\n\t\t\t\t<div class=\"elementor-widget-container\">\n\t\t\t<style>\/*! elementor - v3.6.7 - 03-07-2022 *\/\n.elementor-widget-text-editor.elementor-drop-cap-view-stacked .elementor-drop-cap{background-color:#818a91;color:#fff}.elementor-widget-text-editor.elementor-drop-cap-view-framed .elementor-drop-cap{color:#818a91;border:3px solid;background-color:transparent}.elementor-widget-text-editor:not(.elementor-drop-cap-view-default) .elementor-drop-cap{margin-top:8px}.elementor-widget-text-editor:not(.elementor-drop-cap-view-default) .elementor-drop-cap-letter{width:1em;height:1em}.elementor-widget-text-editor .elementor-drop-cap{float:left;text-align:center;line-height:1;font-size:50px}.elementor-widget-text-editor .elementor-drop-cap-letter{display:inline-block}<\/style>\t\t\t\t<p>Pour la mise en vente de votre bien, nous aurons besoin d&rsquo;un mandat qui peut-\u00eatre simple, semi-exclusif ou exclusif, reprenant les termes de nos \u00e9changes, la dur\u00e9e, ainsi que le prix d\u00e9fini.<\/p><p>Pour compl\u00e9ter notre dossier de mise en vente, nous \u00e9tudierons entre autre votre attestation de propri\u00e9t\u00e9, plans et historique de travaux.<\/p><p>Diff\u00e9rents diagnostics seront n\u00e9cessaires, comme le DPE (diagnostic \u00e9nerg\u00e9tique).<\/p><p>Nous r\u00e9alisons un reportage photo, ainsi qu&rsquo;une vid\u00e9o de pr\u00e9sentation (d&rsquo;autres moyens peuvent \u00eatre utilis\u00e9s suivant la nature de votre propri\u00e9t\u00e9)<\/p><p>Votre dossier est pr\u00eat !\u00a0 Il est temps d&rsquo;interroger notre base de contacts et d&rsquo;assurer la promotion de votre bien en agence, sur diff\u00e9rentes plateformes et portails internet.<\/p><p><strong>Votre contact : Pascal Bardinet 06 15 33 86 13<\/strong><\/p><p><strong>Agence Delin Immobilier St Erblon : 02 99 52 38 35<\/strong><\/p>\t\t\t\t\t\t<\/div>\n\t\t\t\t<\/div>\n\t\t\t\t\t<\/div>\n\t\t<\/div>\n\t\t\t\t\t\t\t<\/div>\n\t\t<\/section>\n\t\t\t\t\t<\/div>\n\t\t<\/div>\n\t\t\t\t\t\t\t<\/div>\n\t\t<\/section>\n\t\t\t\t<section class=\"elementor-section elementor-top-section elementor-element elementor-element-73a072f elementor-section-boxed elementor-section-height-default elementor-section-height-default\" data-id=\"73a072f\" data-element_type=\"section\">\n\t\t\t\t\t\t<div class=\"elementor-container elementor-column-gap-default\">\n\t\t\t\t\t<div class=\"elementor-column elementor-col-100 elementor-top-column elementor-element elementor-element-d2f3c77\" data-id=\"d2f3c77\" data-element_type=\"column\">\n\t\t\t<div class=\"elementor-widget-wrap elementor-element-populated\">\n\t\t\t\t\t\t\t\t<div class=\"elementor-element elementor-element-993ef03 elementor-widget elementor-widget-image\" data-id=\"993ef03\" data-element_type=\"widget\" data-widget_type=\"image.default\">\n\t\t\t\t<div class=\"elementor-widget-container\">\n\t\t\t\t\t\t\t\t\t\t\t\t\t\t\t<img decoding=\"async\" src=\"http:\/\/www.pratique-immo.com\/general.php?page=miseenvente\" title=\"\" alt=\"\" \/>\t\t\t\t\t\t\t\t\t\t\t\t\t\t\t<\/div>\n\t\t\t\t<\/div>\n\t\t\t\t\t<\/div>\n\t\t<\/div>\n\t\t\t\t\t\t\t<\/div>\n\t\t<\/section>\n\t\t\t\t\t\t\t<\/div>\n\t\t","protected":false},"excerpt":{"rendered":"<p>Mise en vente Pour la mise en vente de votre bien, nous aurons besoin d&rsquo;un mandat qui peut-\u00eatre simple, semi-exclusif ou exclusif, reprenant les termes de nos \u00e9changes, la dur\u00e9e, ainsi que le prix d\u00e9fini. Pour compl\u00e9ter notre dossier de mise en vente, nous \u00e9tudierons entre autre votre attestation de propri\u00e9t\u00e9, plans et historique de [&hellip;]<\/p>\n","protected":false},"author":1,"featured_media":0,"parent":0,"menu_order":0,"comment_status":"closed","ping_status":"closed","template":"","meta":{"footnotes":""},"class_list":["post-271","page","type-page","status-publish","hentry"],"yoast_head":"<!-- This site is optimized with the Yoast SEO plugin v19.5.1 - https:\/\/yoast.com\/wordpress\/plugins\/seo\/ -->\n<title>Mise en vente - Pascal B. Agent commercial<\/title>\n<meta name=\"robots\" content=\"index, follow, max-snippet:-1, max-image-preview:large, max-video-preview:-1\" \/>\n<link rel=\"canonical\" href=\"https:\/\/www.pratique-immo.com\/index.php\/mise-en-vente\/\" \/>\n<meta property=\"og:locale\" content=\"fr_FR\" \/>\n<meta property=\"og:type\" content=\"article\" \/>\n<meta property=\"og:title\" content=\"Mise en vente - Pascal B. Agent commercial\" \/>\n<meta property=\"og:description\" content=\"Mise en vente Pour la mise en vente de votre bien, nous aurons besoin d&rsquo;un mandat qui peut-\u00eatre simple, semi-exclusif ou exclusif, reprenant les termes de nos \u00e9changes, la dur\u00e9e, ainsi que le prix d\u00e9fini. Pour compl\u00e9ter notre dossier de mise en vente, nous \u00e9tudierons entre autre votre attestation de propri\u00e9t\u00e9, plans et historique de [&hellip;]\" \/>\n<meta property=\"og:url\" content=\"https:\/\/www.pratique-immo.com\/index.php\/mise-en-vente\/\" \/>\n<meta property=\"og:site_name\" content=\"Pascal B. Agent commercial\" \/>\n<meta property=\"article:modified_time\" content=\"2022-07-14T09:20:24+00:00\" \/>\n<meta property=\"og:image\" content=\"http:\/\/www.pratique-immo.com\/wp-content\/uploads\/2022\/06\/preparation_docs-300x147.png\" \/>\n<meta name=\"twitter:card\" content=\"summary_large_image\" \/>\n<meta name=\"twitter:label1\" content=\"Dur\u00e9e de lecture estim\u00e9e\" \/>\n\t<meta name=\"twitter:data1\" content=\"1 minute\" \/>\n<script type=\"application\/ld+json\" class=\"yoast-schema-graph\">{\"@context\":\"https:\/\/schema.org\",\"@graph\":[{\"@type\":\"WebPage\",\"@id\":\"https:\/\/www.pratique-immo.com\/index.php\/mise-en-vente\/\",\"url\":\"https:\/\/www.pratique-immo.com\/index.php\/mise-en-vente\/\",\"name\":\"Mise en vente - Pascal B. Agent commercial\",\"isPartOf\":{\"@id\":\"http:\/\/www.pratique-immo.com\/#website\"},\"datePublished\":\"2022-06-13T16:50:43+00:00\",\"dateModified\":\"2022-07-14T09:20:24+00:00\",\"breadcrumb\":{\"@id\":\"https:\/\/www.pratique-immo.com\/index.php\/mise-en-vente\/#breadcrumb\"},\"inLanguage\":\"fr-FR\",\"potentialAction\":[{\"@type\":\"ReadAction\",\"target\":[\"https:\/\/www.pratique-immo.com\/index.php\/mise-en-vente\/\"]}]},{\"@type\":\"BreadcrumbList\",\"@id\":\"https:\/\/www.pratique-immo.com\/index.php\/mise-en-vente\/#breadcrumb\",\"itemListElement\":[{\"@type\":\"ListItem\",\"position\":1,\"name\":\"Accueil\",\"item\":\"http:\/\/www.pratique-immo.com\/\"},{\"@type\":\"ListItem\",\"position\":2,\"name\":\"Mise en vente\"}]},{\"@type\":\"WebSite\",\"@id\":\"http:\/\/www.pratique-immo.com\/#website\",\"url\":\"http:\/\/www.pratique-immo.com\/\",\"name\":\"Pascal B. Agent commercial\",\"description\":\"Quel est votre projet ?\",\"publisher\":{\"@id\":\"http:\/\/www.pratique-immo.com\/#\/schema\/person\/e0633f6e78b190e693c7faa8a3c479ca\"},\"potentialAction\":[{\"@type\":\"SearchAction\",\"target\":{\"@type\":\"EntryPoint\",\"urlTemplate\":\"http:\/\/www.pratique-immo.com\/?s={search_term_string}\"},\"query-input\":\"required name=search_term_string\"}],\"inLanguage\":\"fr-FR\"},{\"@type\":[\"Person\",\"Organization\"],\"@id\":\"http:\/\/www.pratique-immo.com\/#\/schema\/person\/e0633f6e78b190e693c7faa8a3c479ca\",\"name\":\"adminwp2022\",\"image\":{\"@type\":\"ImageObject\",\"inLanguage\":\"fr-FR\",\"@id\":\"http:\/\/www.pratique-immo.com\/#\/schema\/person\/image\/\",\"url\":\"https:\/\/www.pratique-immo.com\/wp-content\/uploads\/2022\/06\/logo_simple.png\",\"contentUrl\":\"https:\/\/www.pratique-immo.com\/wp-content\/uploads\/2022\/06\/logo_simple.png\",\"width\":1337,\"height\":625,\"caption\":\"adminwp2022\"},\"logo\":{\"@id\":\"http:\/\/www.pratique-immo.com\/#\/schema\/person\/image\/\"},\"sameAs\":[\"http:\/\/www.pratique-immo.com\"]}]}<\/script>\n<!-- \/ Yoast SEO plugin. -->","yoast_head_json":{"title":"Mise en vente - Pascal B. Agent commercial","robots":{"index":"index","follow":"follow","max-snippet":"max-snippet:-1","max-image-preview":"max-image-preview:large","max-video-preview":"max-video-preview:-1"},"canonical":"https:\/\/www.pratique-immo.com\/index.php\/mise-en-vente\/","og_locale":"fr_FR","og_type":"article","og_title":"Mise en vente - Pascal B. Agent commercial","og_description":"Mise en vente Pour la mise en vente de votre bien, nous aurons besoin d&rsquo;un mandat qui peut-\u00eatre simple, semi-exclusif ou exclusif, reprenant les termes de nos \u00e9changes, la dur\u00e9e, ainsi que le prix d\u00e9fini. Pour compl\u00e9ter notre dossier de mise en vente, nous \u00e9tudierons entre autre votre attestation de propri\u00e9t\u00e9, plans et historique de [&hellip;]","og_url":"https:\/\/www.pratique-immo.com\/index.php\/mise-en-vente\/","og_site_name":"Pascal B. Agent commercial","article_modified_time":"2022-07-14T09:20:24+00:00","og_image":[{"url":"http:\/\/www.pratique-immo.com\/wp-content\/uploads\/2022\/06\/preparation_docs-300x147.png"}],"twitter_card":"summary_large_image","twitter_misc":{"Dur\u00e9e de lecture estim\u00e9e":"1 minute"},"schema":{"@context":"https:\/\/schema.org","@graph":[{"@type":"WebPage","@id":"https:\/\/www.pratique-immo.com\/index.php\/mise-en-vente\/","url":"https:\/\/www.pratique-immo.com\/index.php\/mise-en-vente\/","name":"Mise en vente - Pascal B. Agent commercial","isPartOf":{"@id":"http:\/\/www.pratique-immo.com\/#website"},"datePublished":"2022-06-13T16:50:43+00:00","dateModified":"2022-07-14T09:20:24+00:00","breadcrumb":{"@id":"https:\/\/www.pratique-immo.com\/index.php\/mise-en-vente\/#breadcrumb"},"inLanguage":"fr-FR","potentialAction":[{"@type":"ReadAction","target":["https:\/\/www.pratique-immo.com\/index.php\/mise-en-vente\/"]}]},{"@type":"BreadcrumbList","@id":"https:\/\/www.pratique-immo.com\/index.php\/mise-en-vente\/#breadcrumb","itemListElement":[{"@type":"ListItem","position":1,"name":"Accueil","item":"http:\/\/www.pratique-immo.com\/"},{"@type":"ListItem","position":2,"name":"Mise en vente"}]},{"@type":"WebSite","@id":"http:\/\/www.pratique-immo.com\/#website","url":"http:\/\/www.pratique-immo.com\/","name":"Pascal B. Agent commercial","description":"Quel est votre projet ?","publisher":{"@id":"http:\/\/www.pratique-immo.com\/#\/schema\/person\/e0633f6e78b190e693c7faa8a3c479ca"},"potentialAction":[{"@type":"SearchAction","target":{"@type":"EntryPoint","urlTemplate":"http:\/\/www.pratique-immo.com\/?s={search_term_string}"},"query-input":"required name=search_term_string"}],"inLanguage":"fr-FR"},{"@type":["Person","Organization"],"@id":"http:\/\/www.pratique-immo.com\/#\/schema\/person\/e0633f6e78b190e693c7faa8a3c479ca","name":"adminwp2022","image":{"@type":"ImageObject","inLanguage":"fr-FR","@id":"http:\/\/www.pratique-immo.com\/#\/schema\/person\/image\/","url":"https:\/\/www.pratique-immo.com\/wp-content\/uploads\/2022\/06\/logo_simple.png","contentUrl":"https:\/\/www.pratique-immo.com\/wp-content\/uploads\/2022\/06\/logo_simple.png","width":1337,"height":625,"caption":"adminwp2022"},"logo":{"@id":"http:\/\/www.pratique-immo.com\/#\/schema\/person\/image\/"},"sameAs":["http:\/\/www.pratique-immo.com"]}]}},"_links":{"self":[{"href":"https:\/\/www.pratique-immo.com\/index.php\/wp-json\/wp\/v2\/pages\/271","targetHints":{"allow":["GET"]}}],"collection":[{"href":"https:\/\/www.pratique-immo.com\/index.php\/wp-json\/wp\/v2\/pages"}],"about":[{"href":"https:\/\/www.pratique-immo.com\/index.php\/wp-json\/wp\/v2\/types\/page"}],"author":[{"embeddable":true,"href":"https:\/\/www.pratique-immo.com\/index.php\/wp-json\/wp\/v2\/users\/1"}],"replies":[{"embeddable":true,"href":"https:\/\/www.pratique-immo.com\/index.php\/wp-json\/wp\/v2\/comments?post=271"}],"version-history":[{"count":64,"href":"https:\/\/www.pratique-immo.com\/index.php\/wp-json\/wp\/v2\/pages\/271\/revisions"}],"predecessor-version":[{"id":799,"href":"https:\/\/www.pratique-immo.com\/index.php\/wp-json\/wp\/v2\/pages\/271\/revisions\/799"}],"wp:attachment":[{"href":"https:\/\/www.pratique-immo.com\/index.php\/wp-json\/wp\/v2\/media?parent=271"}],"curies":[{"name":"wp","href":"https:\/\/api.w.org\/{rel}","templated":true}]}}