{"id":348,"date":"2022-06-14T10:00:22","date_gmt":"2022-06-14T08:00:22","guid":{"rendered":"http:\/\/www.pratique-immo.com\/?page_id=348"},"modified":"2022-07-14T13:16:25","modified_gmt":"2022-07-14T11:16:25","slug":"recherche","status":"publish","type":"page","link":"https:\/\/www.pratique-immo.com\/index.php\/recherche\/","title":{"rendered":"Recherche"},"content":{"rendered":"\t\t<div data-elementor-type=\"wp-page\" data-elementor-id=\"348\" class=\"elementor elementor-348\">\n\t\t\t\t\t\t\t\t\t<section class=\"elementor-section elementor-top-section elementor-element elementor-element-3307d8e7 elementor-section-boxed elementor-section-height-default elementor-section-height-default\" data-id=\"3307d8e7\" data-element_type=\"section\">\n\t\t\t\t\t\t<div class=\"elementor-container elementor-column-gap-default\">\n\t\t\t\t\t<div class=\"elementor-column elementor-col-100 elementor-top-column elementor-element elementor-element-5fd732ab\" data-id=\"5fd732ab\" data-element_type=\"column\">\n\t\t\t<div class=\"elementor-widget-wrap elementor-element-populated\">\n\t\t\t\t\t\t\t\t<section class=\"elementor-section elementor-inner-section elementor-element elementor-element-289beeb8 elementor-section-boxed elementor-section-height-default elementor-section-height-default\" data-id=\"289beeb8\" data-element_type=\"section\" data-settings=\"{&quot;background_background&quot;:&quot;classic&quot;}\">\n\t\t\t\t\t\t<div class=\"elementor-container elementor-column-gap-default\">\n\t\t\t\t\t<div class=\"elementor-column elementor-col-100 elementor-inner-column elementor-element elementor-element-7b38579a classBT01\" data-id=\"7b38579a\" data-element_type=\"column\" id=\"idP1B1\" data-settings=\"{&quot;background_background&quot;:&quot;classic&quot;,&quot;animation_mobile&quot;:&quot;none&quot;}\">\n\t\t\t<div class=\"elementor-widget-wrap elementor-element-populated\">\n\t\t\t\t\t\t\t\t<div class=\"elementor-element elementor-element-4917f6dd elementor-widget elementor-widget-image\" data-id=\"4917f6dd\" data-element_type=\"widget\" data-widget_type=\"image.default\">\n\t\t\t\t<div class=\"elementor-widget-container\">\n\t\t\t<style>\/*! elementor - v3.6.7 - 03-07-2022 *\/\n.elementor-widget-image{text-align:center}.elementor-widget-image a{display:inline-block}.elementor-widget-image a img[src$=\".svg\"]{width:48px}.elementor-widget-image img{vertical-align:middle;display:inline-block}<\/style>\t\t\t\t\t\t\t\t\t\t\t\t\t<a href=\"http:\/\/www.pratique-immo.com\">\n\t\t\t\t\t\t\t<img loading=\"lazy\" decoding=\"async\" width=\"1564\" height=\"816\" src=\"https:\/\/www.pratique-immo.com\/wp-content\/uploads\/2022\/06\/rechercher.png\" class=\"attachment-full size-full\" alt=\"\" srcset=\"https:\/\/www.pratique-immo.com\/wp-content\/uploads\/2022\/06\/rechercher.png 1564w, https:\/\/www.pratique-immo.com\/wp-content\/uploads\/2022\/06\/rechercher-300x157.png 300w, https:\/\/www.pratique-immo.com\/wp-content\/uploads\/2022\/06\/rechercher-1024x534.png 1024w, https:\/\/www.pratique-immo.com\/wp-content\/uploads\/2022\/06\/rechercher-768x401.png 768w, https:\/\/www.pratique-immo.com\/wp-content\/uploads\/2022\/06\/rechercher-1536x801.png 1536w\" sizes=\"auto, (max-width: 1564px) 100vw, 1564px\" \/>\t\t\t\t\t\t\t\t<\/a>\n\t\t\t\t\t\t\t\t\t\t\t\t\t\t\t<\/div>\n\t\t\t\t<\/div>\n\t\t\t\t<div class=\"elementor-element elementor-element-55a89f27 elementor-widget elementor-widget-heading\" data-id=\"55a89f27\" data-element_type=\"widget\" data-widget_type=\"heading.default\">\n\t\t\t\t<div class=\"elementor-widget-container\">\n\t\t\t<style>\/*! elementor - v3.6.7 - 03-07-2022 *\/\n.elementor-heading-title{padding:0;margin:0;line-height:1}.elementor-widget-heading .elementor-heading-title[class*=elementor-size-]>a{color:inherit;font-size:inherit;line-height:inherit}.elementor-widget-heading .elementor-heading-title.elementor-size-small{font-size:15px}.elementor-widget-heading .elementor-heading-title.elementor-size-medium{font-size:19px}.elementor-widget-heading .elementor-heading-title.elementor-size-large{font-size:29px}.elementor-widget-heading .elementor-heading-title.elementor-size-xl{font-size:39px}.elementor-widget-heading .elementor-heading-title.elementor-size-xxl{font-size:59px}<\/style><h2 class=\"elementor-heading-title elementor-size-default\"><a href=\"http:\/\/www.pratique-immo.com\">Votre recherche de bien<\/a><\/h2>\t\t<\/div>\n\t\t\t\t<\/div>\n\t\t\t\t<div class=\"elementor-element elementor-element-55a1510d elementor-widget-divider--view-line elementor-widget elementor-widget-divider\" data-id=\"55a1510d\" data-element_type=\"widget\" data-widget_type=\"divider.default\">\n\t\t\t\t<div class=\"elementor-widget-container\">\n\t\t\t<style>\/*! elementor - v3.6.7 - 03-07-2022 *\/\n.elementor-widget-divider{--divider-border-style:none;--divider-border-width:1px;--divider-color:#2c2c2c;--divider-icon-size:20px;--divider-element-spacing:10px;--divider-pattern-height:24px;--divider-pattern-size:20px;--divider-pattern-url:none;--divider-pattern-repeat:repeat-x}.elementor-widget-divider .elementor-divider{display:-webkit-box;display:-ms-flexbox;display:flex}.elementor-widget-divider .elementor-divider__text{font-size:15px;line-height:1;max-width:95%}.elementor-widget-divider .elementor-divider__element{margin:0 var(--divider-element-spacing);-ms-flex-negative:0;flex-shrink:0}.elementor-widget-divider .elementor-icon{font-size:var(--divider-icon-size)}.elementor-widget-divider .elementor-divider-separator{display:-webkit-box;display:-ms-flexbox;display:flex;margin:0;direction:ltr}.elementor-widget-divider--view-line_icon .elementor-divider-separator,.elementor-widget-divider--view-line_text .elementor-divider-separator{-webkit-box-align:center;-ms-flex-align:center;align-items:center}.elementor-widget-divider--view-line_icon .elementor-divider-separator:after,.elementor-widget-divider--view-line_icon .elementor-divider-separator:before,.elementor-widget-divider--view-line_text .elementor-divider-separator:after,.elementor-widget-divider--view-line_text .elementor-divider-separator:before{display:block;content:\"\";border-bottom:0;-webkit-box-flex:1;-ms-flex-positive:1;flex-grow:1;border-top:var(--divider-border-width) var(--divider-border-style) var(--divider-color)}.elementor-widget-divider--element-align-left .elementor-divider .elementor-divider-separator>.elementor-divider__svg:first-of-type{-webkit-box-flex:0;-ms-flex-positive:0;flex-grow:0;-ms-flex-negative:100;flex-shrink:100}.elementor-widget-divider--element-align-left .elementor-divider-separator:before{content:none}.elementor-widget-divider--element-align-left .elementor-divider__element{margin-left:0}.elementor-widget-divider--element-align-right .elementor-divider .elementor-divider-separator>.elementor-divider__svg:last-of-type{-webkit-box-flex:0;-ms-flex-positive:0;flex-grow:0;-ms-flex-negative:100;flex-shrink:100}.elementor-widget-divider--element-align-right .elementor-divider-separator:after{content:none}.elementor-widget-divider--element-align-right .elementor-divider__element{margin-right:0}.elementor-widget-divider:not(.elementor-widget-divider--view-line_text):not(.elementor-widget-divider--view-line_icon) .elementor-divider-separator{border-top:var(--divider-border-width) var(--divider-border-style) var(--divider-color)}.elementor-widget-divider--separator-type-pattern{--divider-border-style:none}.elementor-widget-divider--separator-type-pattern.elementor-widget-divider--view-line .elementor-divider-separator,.elementor-widget-divider--separator-type-pattern:not(.elementor-widget-divider--view-line) .elementor-divider-separator:after,.elementor-widget-divider--separator-type-pattern:not(.elementor-widget-divider--view-line) .elementor-divider-separator:before,.elementor-widget-divider--separator-type-pattern:not([class*=elementor-widget-divider--view]) .elementor-divider-separator{width:100%;min-height:var(--divider-pattern-height);-webkit-mask-size:var(--divider-pattern-size) 100%;mask-size:var(--divider-pattern-size) 100%;-webkit-mask-repeat:var(--divider-pattern-repeat);mask-repeat:var(--divider-pattern-repeat);background-color:var(--divider-color);-webkit-mask-image:var(--divider-pattern-url);mask-image:var(--divider-pattern-url)}.elementor-widget-divider--no-spacing{--divider-pattern-size:auto}.elementor-widget-divider--bg-round{--divider-pattern-repeat:round}.rtl .elementor-widget-divider .elementor-divider__text{direction:rtl}<\/style>\t\t<div class=\"elementor-divider\">\n\t\t\t<span class=\"elementor-divider-separator\">\n\t\t\t\t\t\t<\/span>\n\t\t<\/div>\n\t\t\t\t<\/div>\n\t\t\t\t<\/div>\n\t\t\t\t<div class=\"elementor-element elementor-element-62628cd3 elementor-widget elementor-widget-text-editor\" data-id=\"62628cd3\" data-element_type=\"widget\" data-widget_type=\"text-editor.default\">\n\t\t\t\t<div class=\"elementor-widget-container\">\n\t\t\t<style>\/*! elementor - v3.6.7 - 03-07-2022 *\/\n.elementor-widget-text-editor.elementor-drop-cap-view-stacked .elementor-drop-cap{background-color:#818a91;color:#fff}.elementor-widget-text-editor.elementor-drop-cap-view-framed .elementor-drop-cap{color:#818a91;border:3px solid;background-color:transparent}.elementor-widget-text-editor:not(.elementor-drop-cap-view-default) .elementor-drop-cap{margin-top:8px}.elementor-widget-text-editor:not(.elementor-drop-cap-view-default) .elementor-drop-cap-letter{width:1em;height:1em}.elementor-widget-text-editor .elementor-drop-cap{float:left;text-align:center;line-height:1;font-size:50px}.elementor-widget-text-editor .elementor-drop-cap-letter{display:inline-block}<\/style>\t\t\t\t<div>Nous contacter pour \u00e9voquer vos crit\u00e8res de recherche.<\/div><div>Ou bien dans le cadre d&rsquo;une recherche tr\u00e8s pr\u00e9cise, faire ce que l&rsquo;on appelle un mandat de recherche.<\/div><div>\u00a0<\/div><p><strong>Votre contact : Pascal Bardinet 06 15 33 86 13<\/strong><\/p><p><strong>Agence Delin Immobilier St Erblon : 02 99 52 38 35<br \/><\/strong><\/p>\t\t\t\t\t\t<\/div>\n\t\t\t\t<\/div>\n\t\t\t\t\t<\/div>\n\t\t<\/div>\n\t\t\t\t\t\t\t<\/div>\n\t\t<\/section>\n\t\t\t\t\t<\/div>\n\t\t<\/div>\n\t\t\t\t\t\t\t<\/div>\n\t\t<\/section>\n\t\t\t\t<section class=\"elementor-section elementor-top-section elementor-element elementor-element-7b60c82 elementor-section-boxed elementor-section-height-default elementor-section-height-default\" data-id=\"7b60c82\" data-element_type=\"section\">\n\t\t\t\t\t\t<div class=\"elementor-container elementor-column-gap-default\">\n\t\t\t\t\t<div class=\"elementor-column elementor-col-100 elementor-top-column elementor-element elementor-element-bba5a9a\" data-id=\"bba5a9a\" data-element_type=\"column\">\n\t\t\t<div class=\"elementor-widget-wrap elementor-element-populated\">\n\t\t\t\t\t\t\t\t<div class=\"elementor-element elementor-element-6dfa2f9 elementor-widget elementor-widget-image\" data-id=\"6dfa2f9\" data-element_type=\"widget\" data-widget_type=\"image.default\">\n\t\t\t\t<div class=\"elementor-widget-container\">\n\t\t\t\t\t\t\t\t\t\t\t\t\t\t\t<img decoding=\"async\" src=\"http:\/\/www.pratique-immo.com\/general.php?page=recherche\" title=\"\" alt=\"recherche\" \/>\t\t\t\t\t\t\t\t\t\t\t\t\t\t\t<\/div>\n\t\t\t\t<\/div>\n\t\t\t\t\t<\/div>\n\t\t<\/div>\n\t\t\t\t\t\t\t<\/div>\n\t\t<\/section>\n\t\t\t\t\t\t\t<\/div>\n\t\t","protected":false},"excerpt":{"rendered":"<p>Votre recherche de bien Nous contacter pour \u00e9voquer vos crit\u00e8res de recherche.Ou bien dans le cadre d&rsquo;une recherche tr\u00e8s pr\u00e9cise, faire ce que l&rsquo;on appelle un mandat de recherche.\u00a0 Votre contact : Pascal Bardinet 06 15 33 86 13 Agence Delin Immobilier St Erblon : 02 99 52 38 35<\/p>\n","protected":false},"author":1,"featured_media":0,"parent":0,"menu_order":0,"comment_status":"closed","ping_status":"closed","template":"","meta":{"footnotes":""},"class_list":["post-348","page","type-page","status-publish","hentry"],"yoast_head":"<!-- This site is optimized with the Yoast SEO plugin v19.5.1 - https:\/\/yoast.com\/wordpress\/plugins\/seo\/ -->\n<title>Recherche - Pascal B. Agent commercial<\/title>\n<meta name=\"robots\" content=\"index, follow, max-snippet:-1, max-image-preview:large, max-video-preview:-1\" \/>\n<link rel=\"canonical\" href=\"https:\/\/www.pratique-immo.com\/index.php\/recherche\/\" \/>\n<meta property=\"og:locale\" content=\"fr_FR\" \/>\n<meta property=\"og:type\" content=\"article\" \/>\n<meta property=\"og:title\" content=\"Recherche - Pascal B. Agent commercial\" \/>\n<meta property=\"og:description\" content=\"Votre recherche de bien Nous contacter pour \u00e9voquer vos crit\u00e8res de recherche.Ou bien dans le cadre d&rsquo;une recherche tr\u00e8s pr\u00e9cise, faire ce que l&rsquo;on appelle un mandat de recherche.\u00a0 Votre contact : Pascal Bardinet 06 15 33 86 13 Agence Delin Immobilier St Erblon : 02 99 52 38 35\" \/>\n<meta property=\"og:url\" content=\"https:\/\/www.pratique-immo.com\/index.php\/recherche\/\" \/>\n<meta property=\"og:site_name\" content=\"Pascal B. Agent commercial\" \/>\n<meta property=\"article:modified_time\" content=\"2022-07-14T11:16:25+00:00\" \/>\n<meta property=\"og:image\" content=\"http:\/\/www.pratique-immo.com\/wp-content\/uploads\/2022\/06\/rechercher.png\" \/>\n<meta name=\"twitter:card\" content=\"summary_large_image\" \/>\n<script type=\"application\/ld+json\" class=\"yoast-schema-graph\">{\"@context\":\"https:\/\/schema.org\",\"@graph\":[{\"@type\":\"WebPage\",\"@id\":\"https:\/\/www.pratique-immo.com\/index.php\/recherche\/\",\"url\":\"https:\/\/www.pratique-immo.com\/index.php\/recherche\/\",\"name\":\"Recherche - Pascal B. Agent commercial\",\"isPartOf\":{\"@id\":\"http:\/\/www.pratique-immo.com\/#website\"},\"datePublished\":\"2022-06-14T08:00:22+00:00\",\"dateModified\":\"2022-07-14T11:16:25+00:00\",\"breadcrumb\":{\"@id\":\"https:\/\/www.pratique-immo.com\/index.php\/recherche\/#breadcrumb\"},\"inLanguage\":\"fr-FR\",\"potentialAction\":[{\"@type\":\"ReadAction\",\"target\":[\"https:\/\/www.pratique-immo.com\/index.php\/recherche\/\"]}]},{\"@type\":\"BreadcrumbList\",\"@id\":\"https:\/\/www.pratique-immo.com\/index.php\/recherche\/#breadcrumb\",\"itemListElement\":[{\"@type\":\"ListItem\",\"position\":1,\"name\":\"Accueil\",\"item\":\"http:\/\/www.pratique-immo.com\/\"},{\"@type\":\"ListItem\",\"position\":2,\"name\":\"Recherche\"}]},{\"@type\":\"WebSite\",\"@id\":\"http:\/\/www.pratique-immo.com\/#website\",\"url\":\"http:\/\/www.pratique-immo.com\/\",\"name\":\"Pascal B. Agent commercial\",\"description\":\"Quel est votre projet ?\",\"publisher\":{\"@id\":\"http:\/\/www.pratique-immo.com\/#\/schema\/person\/e0633f6e78b190e693c7faa8a3c479ca\"},\"potentialAction\":[{\"@type\":\"SearchAction\",\"target\":{\"@type\":\"EntryPoint\",\"urlTemplate\":\"http:\/\/www.pratique-immo.com\/?s={search_term_string}\"},\"query-input\":\"required name=search_term_string\"}],\"inLanguage\":\"fr-FR\"},{\"@type\":[\"Person\",\"Organization\"],\"@id\":\"http:\/\/www.pratique-immo.com\/#\/schema\/person\/e0633f6e78b190e693c7faa8a3c479ca\",\"name\":\"adminwp2022\",\"image\":{\"@type\":\"ImageObject\",\"inLanguage\":\"fr-FR\",\"@id\":\"http:\/\/www.pratique-immo.com\/#\/schema\/person\/image\/\",\"url\":\"https:\/\/www.pratique-immo.com\/wp-content\/uploads\/2022\/06\/logo_simple.png\",\"contentUrl\":\"https:\/\/www.pratique-immo.com\/wp-content\/uploads\/2022\/06\/logo_simple.png\",\"width\":1337,\"height\":625,\"caption\":\"adminwp2022\"},\"logo\":{\"@id\":\"http:\/\/www.pratique-immo.com\/#\/schema\/person\/image\/\"},\"sameAs\":[\"http:\/\/www.pratique-immo.com\"]}]}<\/script>\n<!-- \/ Yoast SEO plugin. -->","yoast_head_json":{"title":"Recherche - Pascal B. Agent commercial","robots":{"index":"index","follow":"follow","max-snippet":"max-snippet:-1","max-image-preview":"max-image-preview:large","max-video-preview":"max-video-preview:-1"},"canonical":"https:\/\/www.pratique-immo.com\/index.php\/recherche\/","og_locale":"fr_FR","og_type":"article","og_title":"Recherche - Pascal B. Agent commercial","og_description":"Votre recherche de bien Nous contacter pour \u00e9voquer vos crit\u00e8res de recherche.Ou bien dans le cadre d&rsquo;une recherche tr\u00e8s pr\u00e9cise, faire ce que l&rsquo;on appelle un mandat de recherche.\u00a0 Votre contact : Pascal Bardinet 06 15 33 86 13 Agence Delin Immobilier St Erblon : 02 99 52 38 35","og_url":"https:\/\/www.pratique-immo.com\/index.php\/recherche\/","og_site_name":"Pascal B. Agent commercial","article_modified_time":"2022-07-14T11:16:25+00:00","og_image":[{"url":"http:\/\/www.pratique-immo.com\/wp-content\/uploads\/2022\/06\/rechercher.png"}],"twitter_card":"summary_large_image","schema":{"@context":"https:\/\/schema.org","@graph":[{"@type":"WebPage","@id":"https:\/\/www.pratique-immo.com\/index.php\/recherche\/","url":"https:\/\/www.pratique-immo.com\/index.php\/recherche\/","name":"Recherche - Pascal B. Agent commercial","isPartOf":{"@id":"http:\/\/www.pratique-immo.com\/#website"},"datePublished":"2022-06-14T08:00:22+00:00","dateModified":"2022-07-14T11:16:25+00:00","breadcrumb":{"@id":"https:\/\/www.pratique-immo.com\/index.php\/recherche\/#breadcrumb"},"inLanguage":"fr-FR","potentialAction":[{"@type":"ReadAction","target":["https:\/\/www.pratique-immo.com\/index.php\/recherche\/"]}]},{"@type":"BreadcrumbList","@id":"https:\/\/www.pratique-immo.com\/index.php\/recherche\/#breadcrumb","itemListElement":[{"@type":"ListItem","position":1,"name":"Accueil","item":"http:\/\/www.pratique-immo.com\/"},{"@type":"ListItem","position":2,"name":"Recherche"}]},{"@type":"WebSite","@id":"http:\/\/www.pratique-immo.com\/#website","url":"http:\/\/www.pratique-immo.com\/","name":"Pascal B. Agent commercial","description":"Quel est votre projet ?","publisher":{"@id":"http:\/\/www.pratique-immo.com\/#\/schema\/person\/e0633f6e78b190e693c7faa8a3c479ca"},"potentialAction":[{"@type":"SearchAction","target":{"@type":"EntryPoint","urlTemplate":"http:\/\/www.pratique-immo.com\/?s={search_term_string}"},"query-input":"required name=search_term_string"}],"inLanguage":"fr-FR"},{"@type":["Person","Organization"],"@id":"http:\/\/www.pratique-immo.com\/#\/schema\/person\/e0633f6e78b190e693c7faa8a3c479ca","name":"adminwp2022","image":{"@type":"ImageObject","inLanguage":"fr-FR","@id":"http:\/\/www.pratique-immo.com\/#\/schema\/person\/image\/","url":"https:\/\/www.pratique-immo.com\/wp-content\/uploads\/2022\/06\/logo_simple.png","contentUrl":"https:\/\/www.pratique-immo.com\/wp-content\/uploads\/2022\/06\/logo_simple.png","width":1337,"height":625,"caption":"adminwp2022"},"logo":{"@id":"http:\/\/www.pratique-immo.com\/#\/schema\/person\/image\/"},"sameAs":["http:\/\/www.pratique-immo.com"]}]}},"_links":{"self":[{"href":"https:\/\/www.pratique-immo.com\/index.php\/wp-json\/wp\/v2\/pages\/348","targetHints":{"allow":["GET"]}}],"collection":[{"href":"https:\/\/www.pratique-immo.com\/index.php\/wp-json\/wp\/v2\/pages"}],"about":[{"href":"https:\/\/www.pratique-immo.com\/index.php\/wp-json\/wp\/v2\/types\/page"}],"author":[{"embeddable":true,"href":"https:\/\/www.pratique-immo.com\/index.php\/wp-json\/wp\/v2\/users\/1"}],"replies":[{"embeddable":true,"href":"https:\/\/www.pratique-immo.com\/index.php\/wp-json\/wp\/v2\/comments?post=348"}],"version-history":[{"count":22,"href":"https:\/\/www.pratique-immo.com\/index.php\/wp-json\/wp\/v2\/pages\/348\/revisions"}],"predecessor-version":[{"id":844,"href":"https:\/\/www.pratique-immo.com\/index.php\/wp-json\/wp\/v2\/pages\/348\/revisions\/844"}],"wp:attachment":[{"href":"https:\/\/www.pratique-immo.com\/index.php\/wp-json\/wp\/v2\/media?parent=348"}],"curies":[{"name":"wp","href":"https:\/\/api.w.org\/{rel}","templated":true}]}}