{"id":473,"date":"2022-06-16T09:36:39","date_gmt":"2022-06-16T07:36:39","guid":{"rendered":"http:\/\/www.pratique-immo.com\/?page_id=473"},"modified":"2025-05-18T18:24:51","modified_gmt":"2025-05-18T16:24:51","slug":"messager","status":"publish","type":"page","link":"https:\/\/www.pratique-immo.com\/index.php\/messager\/","title":{"rendered":"Message"},"content":{"rendered":"\t\t<div data-elementor-type=\"wp-page\" data-elementor-id=\"473\" class=\"elementor elementor-473\">\n\t\t\t\t\t\t\t\t\t<section class=\"elementor-section elementor-top-section elementor-element elementor-element-1e705a61 elementor-section-boxed elementor-section-height-default elementor-section-height-default\" data-id=\"1e705a61\" data-element_type=\"section\">\n\t\t\t\t\t\t<div class=\"elementor-container elementor-column-gap-default\">\n\t\t\t\t\t<div class=\"elementor-column elementor-col-100 elementor-top-column elementor-element elementor-element-19df1986\" data-id=\"19df1986\" data-element_type=\"column\">\n\t\t\t<div class=\"elementor-widget-wrap elementor-element-populated\">\n\t\t\t\t\t\t\t\t<div class=\"elementor-element elementor-element-683ffc29 elementor-widget elementor-widget-text-editor\" data-id=\"683ffc29\" data-element_type=\"widget\" data-widget_type=\"text-editor.default\">\n\t\t\t\t<div class=\"elementor-widget-container\">\n\t\t\t<style>\/*! elementor - v3.6.7 - 03-07-2022 *\/\n.elementor-widget-text-editor.elementor-drop-cap-view-stacked .elementor-drop-cap{background-color:#818a91;color:#fff}.elementor-widget-text-editor.elementor-drop-cap-view-framed .elementor-drop-cap{color:#818a91;border:3px solid;background-color:transparent}.elementor-widget-text-editor:not(.elementor-drop-cap-view-default) .elementor-drop-cap{margin-top:8px}.elementor-widget-text-editor:not(.elementor-drop-cap-view-default) .elementor-drop-cap-letter{width:1em;height:1em}.elementor-widget-text-editor .elementor-drop-cap{float:left;text-align:center;line-height:1;font-size:50px}.elementor-widget-text-editor .elementor-drop-cap-letter{display:inline-block}<\/style>\t\t\t\t<!-- wp:paragraph -->\n<p>\/<\/p>\n<!-- \/wp:paragraph -->\t\t\t\t\t\t<\/div>\n\t\t\t\t<\/div>\n\t\t\t\t\t<\/div>\n\t\t<\/div>\n\t\t\t\t\t\t\t<\/div>\n\t\t<\/section>\n\t\t\t\t<section class=\"elementor-section elementor-top-section elementor-element elementor-element-6d84d6f0 elementor-section-boxed elementor-section-height-default elementor-section-height-default\" data-id=\"6d84d6f0\" data-element_type=\"section\">\n\t\t\t\t\t\t<div class=\"elementor-container elementor-column-gap-default\">\n\t\t\t\t\t<div class=\"elementor-column elementor-col-100 elementor-top-column elementor-element elementor-element-ecf8dc2\" data-id=\"ecf8dc2\" data-element_type=\"column\" data-settings=\"{&quot;animation&quot;:&quot;none&quot;}\">\n\t\t\t<div class=\"elementor-widget-wrap elementor-element-populated\">\n\t\t\t\t\t\t\t\t<section class=\"elementor-section elementor-inner-section elementor-element elementor-element-2aa9ba32 elementor-section-boxed elementor-section-height-default elementor-section-height-default\" data-id=\"2aa9ba32\" data-element_type=\"section\" data-settings=\"{&quot;background_background&quot;:&quot;classic&quot;}\">\n\t\t\t\t\t\t<div class=\"elementor-container elementor-column-gap-default\">\n\t\t\t\t\t<div class=\"elementor-column elementor-col-100 elementor-inner-column elementor-element elementor-element-1196d677 classBT01\" data-id=\"1196d677\" data-element_type=\"column\" id=\"idP1B1\" data-settings=\"{&quot;background_background&quot;:&quot;classic&quot;,&quot;animation_mobile&quot;:&quot;none&quot;,&quot;animation&quot;:&quot;none&quot;}\">\n\t\t\t<div class=\"elementor-widget-wrap elementor-element-populated\">\n\t\t\t\t\t\t\t\t<div class=\"elementor-element elementor-element-7e40c12 elementor-widget elementor-widget-text-editor\" data-id=\"7e40c12\" data-element_type=\"widget\" data-widget_type=\"text-editor.default\">\n\t\t\t\t<div class=\"elementor-widget-container\">\n\t\t\t\t\t\t\t<h2><img loading=\"lazy\" decoding=\"async\" class=\"alignnone wp-image-623\" src=\"http:\/\/www.pratique-immo.com\/wp-content\/uploads\/2022\/06\/ampoule_idee.png\" alt=\"\" width=\"40\" height=\"46\"> &nbsp;&nbsp;&nbsp; Votre Message<\/h2>\t\t\t\t\t\t<\/div>\n\t\t\t\t<\/div>\n\t\t\t\t<div class=\"elementor-element elementor-element-0c3aaa2 elementor-widget elementor-widget-shortcode\" data-id=\"0c3aaa2\" data-element_type=\"widget\" data-widget_type=\"shortcode.default\">\n\t\t\t\t<div class=\"elementor-widget-container\">\n\t\t\t\t\t<div class=\"elementor-shortcode\">\n<div class=\"wpcf7 no-js\" id=\"wpcf7-f474-o1\" lang=\"fr-FR\" dir=\"ltr\" data-wpcf7-id=\"474\">\n<div class=\"screen-reader-response\"><p role=\"status\" aria-live=\"polite\" aria-atomic=\"true\"><\/p> <ul><\/ul><\/div>\n<form action=\"\/index.php\/wp-json\/wp\/v2\/pages\/473#wpcf7-f474-o1\" method=\"post\" class=\"wpcf7-form init\" aria-label=\"Formulaire de contact\" novalidate=\"novalidate\" data-status=\"init\">\n<div style=\"display: none;\">\n<input type=\"hidden\" name=\"_wpcf7\" value=\"474\" \/>\n<input type=\"hidden\" name=\"_wpcf7_version\" value=\"6.0.4\" \/>\n<input type=\"hidden\" name=\"_wpcf7_locale\" value=\"fr_FR\" \/>\n<input type=\"hidden\" name=\"_wpcf7_unit_tag\" value=\"wpcf7-f474-o1\" \/>\n<input type=\"hidden\" name=\"_wpcf7_container_post\" value=\"0\" \/>\n<input type=\"hidden\" name=\"_wpcf7_posted_data_hash\" value=\"\" \/>\n<\/div>\n<p><span class=\"wpcf7-form-control-wrap\" data-name=\"quiz-911\"><label><span class=\"wpcf7-quiz-label\">De quelle couleur JAUNE est la maison ?<\/span> <input size=\"40\" class=\"wpcf7-form-control wpcf7-quiz\" autocomplete=\"off\" aria-required=\"true\" aria-invalid=\"false\" type=\"text\" name=\"quiz-911\" \/><\/label><input type=\"hidden\" name=\"_wpcf7_quiz_answer_quiz-911\" value=\"0571573e5f4d381149c6a2d4c7066f37\" \/><\/span>\n<\/p>\n<p><label> nom<br \/>\n<span class=\"wpcf7-form-control-wrap\" data-name=\"your-name\"><input size=\"40\" maxlength=\"400\" class=\"wpcf7-form-control wpcf7-text wpcf7-validates-as-required\" aria-required=\"true\" aria-invalid=\"false\" value=\"\" type=\"text\" name=\"your-name\" \/><\/span> <\/label>\n<\/p>\n<p><label> e-mail<br \/>\n<span class=\"wpcf7-form-control-wrap\" data-name=\"your-email\"><input size=\"40\" maxlength=\"400\" class=\"wpcf7-form-control wpcf7-email wpcf7-validates-as-required wpcf7-text wpcf7-validates-as-email\" aria-required=\"true\" aria-invalid=\"false\" value=\"\" type=\"email\" name=\"your-email\" \/><\/span> <\/label>\n<\/p>\n<p><label> votre message<br \/>\n<span class=\"wpcf7-form-control-wrap\" data-name=\"your-message\"><textarea cols=\"40\" rows=\"10\" maxlength=\"2000\" class=\"wpcf7-form-control wpcf7-textarea\" aria-invalid=\"false\" name=\"your-message\"><\/textarea><\/span> <\/label>\n<\/p>\n<p><input class=\"wpcf7-form-control wpcf7-submit has-spinner\" type=\"submit\" value=\"Merci d&#039;indiquer votre num\u00e9ro de t\u00e9l\u00e9phone\" \/>\n<\/p><div class=\"wpcf7-response-output\" aria-hidden=\"true\"><\/div>\n<\/form>\n<\/div>\n<\/div>\n\t\t\t\t<\/div>\n\t\t\t\t<\/div>\n\t\t\t\t<div class=\"elementor-element elementor-element-2d8841da elementor-widget elementor-widget-text-editor\" data-id=\"2d8841da\" data-element_type=\"widget\" data-widget_type=\"text-editor.default\">\n\t\t\t\t<div class=\"elementor-widget-container\">\n\t\t\t\t\t\t\t<p><strong>Votre contact : Pascal Bardinet 06 15 33 86 13<\/strong><\/p>\n<p><strong>\u00a0Agence de St Erblon : 02 99 52 38 35<br \/><\/strong><\/p>\t\t\t\t\t\t<\/div>\n\t\t\t\t<\/div>\n\t\t\t\t\t<\/div>\n\t\t<\/div>\n\t\t\t\t\t\t\t<\/div>\n\t\t<\/section>\n\t\t\t\t\t<\/div>\n\t\t<\/div>\n\t\t\t\t\t\t\t<\/div>\n\t\t<\/section>\n\t\t\t\t<section class=\"elementor-section elementor-top-section elementor-element elementor-element-4b5ee2a elementor-section-boxed elementor-section-height-default elementor-section-height-default\" data-id=\"4b5ee2a\" data-element_type=\"section\">\n\t\t\t\t\t\t<div class=\"elementor-container elementor-column-gap-default\">\n\t\t\t\t\t<div class=\"elementor-column elementor-col-100 elementor-top-column elementor-element elementor-element-2f5fb8b\" data-id=\"2f5fb8b\" data-element_type=\"column\">\n\t\t\t<div class=\"elementor-widget-wrap elementor-element-populated\">\n\t\t\t\t\t\t\t\t<div class=\"elementor-element elementor-element-9a29076 elementor-widget elementor-widget-image\" data-id=\"9a29076\" data-element_type=\"widget\" data-widget_type=\"image.default\">\n\t\t\t\t<div class=\"elementor-widget-container\">\n\t\t\t<style>\/*! elementor - v3.6.7 - 03-07-2022 *\/\n.elementor-widget-image{text-align:center}.elementor-widget-image a{display:inline-block}.elementor-widget-image a img[src$=\".svg\"]{width:48px}.elementor-widget-image img{vertical-align:middle;display:inline-block}<\/style>\t\t\t\t\t\t\t\t\t\t\t\t<img decoding=\"async\" src=\"http:\/\/www.pratique-immo.com\/general.php?page=message\" title=\"\" alt=\"\" \/>\t\t\t\t\t\t\t\t\t\t\t\t\t\t\t<\/div>\n\t\t\t\t<\/div>\n\t\t\t\t\t<\/div>\n\t\t<\/div>\n\t\t\t\t\t\t\t<\/div>\n\t\t<\/section>\n\t\t\t\t\t\t\t<\/div>\n\t\t","protected":false},"excerpt":{"rendered":"<p>\/ &nbsp;&nbsp;&nbsp; Votre Message Votre contact : Pascal Bardinet 06 15 33 86 13 \u00a0Agence de St Erblon : 02 99 52 38 35<\/p>\n","protected":false},"author":1,"featured_media":0,"parent":0,"menu_order":0,"comment_status":"closed","ping_status":"closed","template":"","meta":{"footnotes":""},"class_list":["post-473","page","type-page","status-publish","hentry"],"yoast_head":"<!-- This site is optimized with the Yoast SEO plugin v19.5.1 - https:\/\/yoast.com\/wordpress\/plugins\/seo\/ -->\n<title>Message - Pascal B. Agent commercial<\/title>\n<meta name=\"robots\" content=\"index, follow, max-snippet:-1, max-image-preview:large, max-video-preview:-1\" \/>\n<link rel=\"canonical\" href=\"https:\/\/www.pratique-immo.com\/index.php\/messager\/\" \/>\n<meta property=\"og:locale\" content=\"fr_FR\" \/>\n<meta property=\"og:type\" content=\"article\" \/>\n<meta property=\"og:title\" content=\"Message - Pascal B. Agent commercial\" \/>\n<meta property=\"og:description\" content=\"\/ &nbsp;&nbsp;&nbsp; Votre Message Votre contact : Pascal Bardinet 06 15 33 86 13 \u00a0Agence de St Erblon : 02 99 52 38 35\" \/>\n<meta property=\"og:url\" content=\"https:\/\/www.pratique-immo.com\/index.php\/messager\/\" \/>\n<meta property=\"og:site_name\" content=\"Pascal B. Agent commercial\" \/>\n<meta property=\"article:modified_time\" content=\"2025-05-18T16:24:51+00:00\" \/>\n<meta property=\"og:image\" content=\"http:\/\/www.pratique-immo.com\/wp-content\/uploads\/2022\/06\/ampoule_idee.png\" \/>\n<meta name=\"twitter:card\" content=\"summary_large_image\" \/>\n<meta name=\"twitter:label1\" content=\"Dur\u00e9e de lecture estim\u00e9e\" \/>\n\t<meta name=\"twitter:data1\" content=\"1 minute\" \/>\n<script type=\"application\/ld+json\" class=\"yoast-schema-graph\">{\"@context\":\"https:\/\/schema.org\",\"@graph\":[{\"@type\":\"WebPage\",\"@id\":\"https:\/\/www.pratique-immo.com\/index.php\/messager\/\",\"url\":\"https:\/\/www.pratique-immo.com\/index.php\/messager\/\",\"name\":\"Message - Pascal B. Agent commercial\",\"isPartOf\":{\"@id\":\"http:\/\/www.pratique-immo.com\/#website\"},\"datePublished\":\"2022-06-16T07:36:39+00:00\",\"dateModified\":\"2025-05-18T16:24:51+00:00\",\"breadcrumb\":{\"@id\":\"https:\/\/www.pratique-immo.com\/index.php\/messager\/#breadcrumb\"},\"inLanguage\":\"fr-FR\",\"potentialAction\":[{\"@type\":\"ReadAction\",\"target\":[\"https:\/\/www.pratique-immo.com\/index.php\/messager\/\"]}]},{\"@type\":\"BreadcrumbList\",\"@id\":\"https:\/\/www.pratique-immo.com\/index.php\/messager\/#breadcrumb\",\"itemListElement\":[{\"@type\":\"ListItem\",\"position\":1,\"name\":\"Accueil\",\"item\":\"http:\/\/www.pratique-immo.com\/\"},{\"@type\":\"ListItem\",\"position\":2,\"name\":\"Message\"}]},{\"@type\":\"WebSite\",\"@id\":\"http:\/\/www.pratique-immo.com\/#website\",\"url\":\"http:\/\/www.pratique-immo.com\/\",\"name\":\"Pascal B. Agent commercial\",\"description\":\"Quel est votre projet ?\",\"publisher\":{\"@id\":\"http:\/\/www.pratique-immo.com\/#\/schema\/person\/e0633f6e78b190e693c7faa8a3c479ca\"},\"potentialAction\":[{\"@type\":\"SearchAction\",\"target\":{\"@type\":\"EntryPoint\",\"urlTemplate\":\"http:\/\/www.pratique-immo.com\/?s={search_term_string}\"},\"query-input\":\"required name=search_term_string\"}],\"inLanguage\":\"fr-FR\"},{\"@type\":[\"Person\",\"Organization\"],\"@id\":\"http:\/\/www.pratique-immo.com\/#\/schema\/person\/e0633f6e78b190e693c7faa8a3c479ca\",\"name\":\"adminwp2022\",\"image\":{\"@type\":\"ImageObject\",\"inLanguage\":\"fr-FR\",\"@id\":\"http:\/\/www.pratique-immo.com\/#\/schema\/person\/image\/\",\"url\":\"https:\/\/www.pratique-immo.com\/wp-content\/uploads\/2022\/06\/logo_simple.png\",\"contentUrl\":\"https:\/\/www.pratique-immo.com\/wp-content\/uploads\/2022\/06\/logo_simple.png\",\"width\":1337,\"height\":625,\"caption\":\"adminwp2022\"},\"logo\":{\"@id\":\"http:\/\/www.pratique-immo.com\/#\/schema\/person\/image\/\"},\"sameAs\":[\"http:\/\/www.pratique-immo.com\"]}]}<\/script>\n<!-- \/ Yoast SEO plugin. -->","yoast_head_json":{"title":"Message - Pascal B. Agent commercial","robots":{"index":"index","follow":"follow","max-snippet":"max-snippet:-1","max-image-preview":"max-image-preview:large","max-video-preview":"max-video-preview:-1"},"canonical":"https:\/\/www.pratique-immo.com\/index.php\/messager\/","og_locale":"fr_FR","og_type":"article","og_title":"Message - Pascal B. Agent commercial","og_description":"\/ &nbsp;&nbsp;&nbsp; Votre Message Votre contact : Pascal Bardinet 06 15 33 86 13 \u00a0Agence de St Erblon : 02 99 52 38 35","og_url":"https:\/\/www.pratique-immo.com\/index.php\/messager\/","og_site_name":"Pascal B. Agent commercial","article_modified_time":"2025-05-18T16:24:51+00:00","og_image":[{"url":"http:\/\/www.pratique-immo.com\/wp-content\/uploads\/2022\/06\/ampoule_idee.png"}],"twitter_card":"summary_large_image","twitter_misc":{"Dur\u00e9e de lecture estim\u00e9e":"1 minute"},"schema":{"@context":"https:\/\/schema.org","@graph":[{"@type":"WebPage","@id":"https:\/\/www.pratique-immo.com\/index.php\/messager\/","url":"https:\/\/www.pratique-immo.com\/index.php\/messager\/","name":"Message - Pascal B. Agent commercial","isPartOf":{"@id":"http:\/\/www.pratique-immo.com\/#website"},"datePublished":"2022-06-16T07:36:39+00:00","dateModified":"2025-05-18T16:24:51+00:00","breadcrumb":{"@id":"https:\/\/www.pratique-immo.com\/index.php\/messager\/#breadcrumb"},"inLanguage":"fr-FR","potentialAction":[{"@type":"ReadAction","target":["https:\/\/www.pratique-immo.com\/index.php\/messager\/"]}]},{"@type":"BreadcrumbList","@id":"https:\/\/www.pratique-immo.com\/index.php\/messager\/#breadcrumb","itemListElement":[{"@type":"ListItem","position":1,"name":"Accueil","item":"http:\/\/www.pratique-immo.com\/"},{"@type":"ListItem","position":2,"name":"Message"}]},{"@type":"WebSite","@id":"http:\/\/www.pratique-immo.com\/#website","url":"http:\/\/www.pratique-immo.com\/","name":"Pascal B. Agent commercial","description":"Quel est votre projet ?","publisher":{"@id":"http:\/\/www.pratique-immo.com\/#\/schema\/person\/e0633f6e78b190e693c7faa8a3c479ca"},"potentialAction":[{"@type":"SearchAction","target":{"@type":"EntryPoint","urlTemplate":"http:\/\/www.pratique-immo.com\/?s={search_term_string}"},"query-input":"required name=search_term_string"}],"inLanguage":"fr-FR"},{"@type":["Person","Organization"],"@id":"http:\/\/www.pratique-immo.com\/#\/schema\/person\/e0633f6e78b190e693c7faa8a3c479ca","name":"adminwp2022","image":{"@type":"ImageObject","inLanguage":"fr-FR","@id":"http:\/\/www.pratique-immo.com\/#\/schema\/person\/image\/","url":"https:\/\/www.pratique-immo.com\/wp-content\/uploads\/2022\/06\/logo_simple.png","contentUrl":"https:\/\/www.pratique-immo.com\/wp-content\/uploads\/2022\/06\/logo_simple.png","width":1337,"height":625,"caption":"adminwp2022"},"logo":{"@id":"http:\/\/www.pratique-immo.com\/#\/schema\/person\/image\/"},"sameAs":["http:\/\/www.pratique-immo.com"]}]}},"_links":{"self":[{"href":"https:\/\/www.pratique-immo.com\/index.php\/wp-json\/wp\/v2\/pages\/473","targetHints":{"allow":["GET"]}}],"collection":[{"href":"https:\/\/www.pratique-immo.com\/index.php\/wp-json\/wp\/v2\/pages"}],"about":[{"href":"https:\/\/www.pratique-immo.com\/index.php\/wp-json\/wp\/v2\/types\/page"}],"author":[{"embeddable":true,"href":"https:\/\/www.pratique-immo.com\/index.php\/wp-json\/wp\/v2\/users\/1"}],"replies":[{"embeddable":true,"href":"https:\/\/www.pratique-immo.com\/index.php\/wp-json\/wp\/v2\/comments?post=473"}],"version-history":[{"count":50,"href":"https:\/\/www.pratique-immo.com\/index.php\/wp-json\/wp\/v2\/pages\/473\/revisions"}],"predecessor-version":[{"id":1006,"href":"https:\/\/www.pratique-immo.com\/index.php\/wp-json\/wp\/v2\/pages\/473\/revisions\/1006"}],"wp:attachment":[{"href":"https:\/\/www.pratique-immo.com\/index.php\/wp-json\/wp\/v2\/media?parent=473"}],"curies":[{"name":"wp","href":"https:\/\/api.w.org\/{rel}","templated":true}]}}