{"id":74,"date":"2022-06-11T16:01:31","date_gmt":"2022-06-11T14:01:31","guid":{"rendered":"http:\/\/www.pratique-immo.com\/?page_id=74"},"modified":"2022-07-14T12:51:47","modified_gmt":"2022-07-14T10:51:47","slug":"projets","status":"publish","type":"page","link":"https:\/\/www.pratique-immo.com\/index.php\/projets\/","title":{"rendered":"Projets"},"content":{"rendered":"\t\t<div data-elementor-type=\"wp-page\" data-elementor-id=\"74\" class=\"elementor elementor-74\">\n\t\t\t\t\t\t\t\t\t<section class=\"elementor-section elementor-top-section elementor-element elementor-element-60d48cc elementor-section-boxed elementor-section-height-default elementor-section-height-default\" data-id=\"60d48cc\" data-element_type=\"section\">\n\t\t\t\t\t\t<div class=\"elementor-container elementor-column-gap-default\">\n\t\t\t\t\t<div class=\"elementor-column elementor-col-100 elementor-top-column elementor-element elementor-element-35f266c0\" data-id=\"35f266c0\" data-element_type=\"column\" data-settings=\"{&quot;animation&quot;:&quot;none&quot;}\">\n\t\t\t<div class=\"elementor-widget-wrap elementor-element-populated\">\n\t\t\t\t\t\t\t\t<section class=\"elementor-section elementor-inner-section elementor-element elementor-element-4c3320e3 elementor-section-boxed elementor-section-height-default elementor-section-height-default\" data-id=\"4c3320e3\" data-element_type=\"section\" data-settings=\"{&quot;background_background&quot;:&quot;classic&quot;}\">\n\t\t\t\t\t\t<div class=\"elementor-container elementor-column-gap-default\">\n\t\t\t\t\t<div class=\"elementor-column elementor-col-100 elementor-inner-column elementor-element elementor-element-200cd285 classBT01\" data-id=\"200cd285\" data-element_type=\"column\" id=\"idP1B1\" data-settings=\"{&quot;background_background&quot;:&quot;classic&quot;,&quot;animation_mobile&quot;:&quot;none&quot;}\">\n\t\t\t<div class=\"elementor-widget-wrap elementor-element-populated\">\n\t\t\t\t\t\t\t\t<div class=\"elementor-element elementor-element-5b5d8906 elementor-widget elementor-widget-image\" data-id=\"5b5d8906\" data-element_type=\"widget\" data-widget_type=\"image.default\">\n\t\t\t\t<div class=\"elementor-widget-container\">\n\t\t\t<style>\/*! elementor - v3.6.7 - 03-07-2022 *\/\n.elementor-widget-image{text-align:center}.elementor-widget-image a{display:inline-block}.elementor-widget-image a img[src$=\".svg\"]{width:48px}.elementor-widget-image img{vertical-align:middle;display:inline-block}<\/style>\t\t\t\t\t\t\t\t\t\t\t\t\t<a href=\"http:\/\/www.pratique-immo.com\/index.php\/vendre\/\">\n\t\t\t\t\t\t\t<img loading=\"lazy\" decoding=\"async\" width=\"300\" height=\"271\" src=\"https:\/\/www.pratique-immo.com\/wp-content\/uploads\/2022\/06\/maison_av-300x271.png\" class=\"attachment-medium size-medium\" alt=\"\" srcset=\"https:\/\/www.pratique-immo.com\/wp-content\/uploads\/2022\/06\/maison_av-300x271.png 300w, https:\/\/www.pratique-immo.com\/wp-content\/uploads\/2022\/06\/maison_av-1024x924.png 1024w, https:\/\/www.pratique-immo.com\/wp-content\/uploads\/2022\/06\/maison_av-768x693.png 768w, https:\/\/www.pratique-immo.com\/wp-content\/uploads\/2022\/06\/maison_av.png 1170w\" sizes=\"auto, (max-width: 300px) 100vw, 300px\" \/>\t\t\t\t\t\t\t\t<\/a>\n\t\t\t\t\t\t\t\t\t\t\t\t\t\t\t<\/div>\n\t\t\t\t<\/div>\n\t\t\t\t<div class=\"elementor-element elementor-element-70fa68fe elementor-widget elementor-widget-heading\" data-id=\"70fa68fe\" data-element_type=\"widget\" data-widget_type=\"heading.default\">\n\t\t\t\t<div class=\"elementor-widget-container\">\n\t\t\t<style>\/*! elementor - v3.6.7 - 03-07-2022 *\/\n.elementor-heading-title{padding:0;margin:0;line-height:1}.elementor-widget-heading .elementor-heading-title[class*=elementor-size-]>a{color:inherit;font-size:inherit;line-height:inherit}.elementor-widget-heading .elementor-heading-title.elementor-size-small{font-size:15px}.elementor-widget-heading .elementor-heading-title.elementor-size-medium{font-size:19px}.elementor-widget-heading .elementor-heading-title.elementor-size-large{font-size:29px}.elementor-widget-heading .elementor-heading-title.elementor-size-xl{font-size:39px}.elementor-widget-heading .elementor-heading-title.elementor-size-xxl{font-size:59px}<\/style><h2 class=\"elementor-heading-title elementor-size-default\"><a href=\"http:\/\/www.pratique-immo.com\/index.php\/vendre\/\">Je pense \u00e0 vendre mon bien<\/a><\/h2>\t\t<\/div>\n\t\t\t\t<\/div>\n\t\t\t\t\t<\/div>\n\t\t<\/div>\n\t\t\t\t\t\t\t<\/div>\n\t\t<\/section>\n\t\t\t\t\t<\/div>\n\t\t<\/div>\n\t\t\t\t\t\t\t<\/div>\n\t\t<\/section>\n\t\t\t\t<section class=\"elementor-section elementor-top-section elementor-element elementor-element-374f69d1 elementor-section-boxed elementor-section-height-default elementor-section-height-default\" data-id=\"374f69d1\" data-element_type=\"section\">\n\t\t\t\t\t\t<div class=\"elementor-container elementor-column-gap-default\">\n\t\t\t\t\t<div class=\"elementor-column elementor-col-100 elementor-top-column elementor-element elementor-element-118c7b0\" data-id=\"118c7b0\" data-element_type=\"column\" data-settings=\"{&quot;animation&quot;:&quot;none&quot;}\">\n\t\t\t<div class=\"elementor-widget-wrap elementor-element-populated\">\n\t\t\t\t\t\t\t\t<section class=\"elementor-section elementor-inner-section elementor-element elementor-element-3e3ced2e elementor-section-boxed elementor-section-height-default elementor-section-height-default\" data-id=\"3e3ced2e\" data-element_type=\"section\" data-settings=\"{&quot;background_background&quot;:&quot;classic&quot;}\">\n\t\t\t\t\t\t<div class=\"elementor-container elementor-column-gap-default\">\n\t\t\t\t\t<div class=\"elementor-column elementor-col-100 elementor-inner-column elementor-element elementor-element-44958316 classBT01\" data-id=\"44958316\" data-element_type=\"column\" id=\"idP1B1\" data-settings=\"{&quot;background_background&quot;:&quot;classic&quot;,&quot;animation_mobile&quot;:&quot;none&quot;}\">\n\t\t\t<div class=\"elementor-widget-wrap elementor-element-populated\">\n\t\t\t\t\t\t\t\t<div class=\"elementor-element elementor-element-2bcb7153 elementor-widget elementor-widget-image\" data-id=\"2bcb7153\" data-element_type=\"widget\" data-widget_type=\"image.default\">\n\t\t\t\t<div class=\"elementor-widget-container\">\n\t\t\t\t\t\t\t\t\t\t\t\t\t\t\t\t<a href=\"http:\/\/www.pratique-immo.com\/index.php\/acheter\/\">\n\t\t\t\t\t\t\t<img decoding=\"async\" src=\"https:\/\/www.pratique-immo.com\/wp-content\/uploads\/2022\/06\/recherche_01.png\" title=\"recherche_01\" alt=\"recherche_01\" \/>\t\t\t\t\t\t\t\t<\/a>\n\t\t\t\t\t\t\t\t\t\t\t\t\t\t\t<\/div>\n\t\t\t\t<\/div>\n\t\t\t\t<div class=\"elementor-element elementor-element-3f073dfa elementor-widget elementor-widget-heading\" data-id=\"3f073dfa\" data-element_type=\"widget\" data-widget_type=\"heading.default\">\n\t\t\t\t<div class=\"elementor-widget-container\">\n\t\t\t<h2 class=\"elementor-heading-title elementor-size-default\"><a href=\"http:\/\/www.pratique-immo.com\/index.php\/acheter\/\">Je cherche \u00e0 acheter<\/a><\/h2>\t\t<\/div>\n\t\t\t\t<\/div>\n\t\t\t\t\t<\/div>\n\t\t<\/div>\n\t\t\t\t\t\t\t<\/div>\n\t\t<\/section>\n\t\t\t\t\t<\/div>\n\t\t<\/div>\n\t\t\t\t\t\t\t<\/div>\n\t\t<\/section>\n\t\t\t\t<section class=\"elementor-section elementor-top-section elementor-element elementor-element-5916d044 elementor-section-boxed elementor-section-height-default elementor-section-height-default\" data-id=\"5916d044\" data-element_type=\"section\">\n\t\t\t\t\t\t<div class=\"elementor-container elementor-column-gap-default\">\n\t\t\t\t\t<div class=\"elementor-column elementor-col-100 elementor-top-column elementor-element elementor-element-4b0f32c2 elementor-invisible\" data-id=\"4b0f32c2\" data-element_type=\"column\" data-settings=\"{&quot;animation&quot;:&quot;fadeIn&quot;}\">\n\t\t\t<div class=\"elementor-widget-wrap elementor-element-populated\">\n\t\t\t\t\t\t\t\t<section class=\"elementor-section elementor-inner-section elementor-element elementor-element-38be492b elementor-section-boxed elementor-section-height-default elementor-section-height-default\" data-id=\"38be492b\" data-element_type=\"section\" data-settings=\"{&quot;background_background&quot;:&quot;classic&quot;}\">\n\t\t\t\t\t\t<div class=\"elementor-container elementor-column-gap-default\">\n\t\t\t\t\t<div class=\"elementor-column elementor-col-100 elementor-inner-column elementor-element elementor-element-4d65a537 classBT01\" data-id=\"4d65a537\" data-element_type=\"column\" id=\"idP1B1\" data-settings=\"{&quot;background_background&quot;:&quot;classic&quot;,&quot;animation_mobile&quot;:&quot;none&quot;}\">\n\t\t\t<div class=\"elementor-widget-wrap elementor-element-populated\">\n\t\t\t\t\t\t\t\t<div class=\"elementor-element elementor-element-67eec507 elementor-widget elementor-widget-image\" data-id=\"67eec507\" data-element_type=\"widget\" data-widget_type=\"image.default\">\n\t\t\t\t<div class=\"elementor-widget-container\">\n\t\t\t\t\t\t\t\t\t\t\t\t\t\t\t\t<a href=\"http:\/\/www.pratique-immo.com\/index.php\/projets\/\">\n\t\t\t\t\t\t\t<img loading=\"lazy\" decoding=\"async\" width=\"150\" height=\"150\" src=\"https:\/\/www.pratique-immo.com\/wp-content\/uploads\/2022\/06\/maisonnette_location_01-150x150.png\" class=\"attachment-thumbnail size-thumbnail\" alt=\"\" \/>\t\t\t\t\t\t\t\t<\/a>\n\t\t\t\t\t\t\t\t\t\t\t\t\t\t\t<\/div>\n\t\t\t\t<\/div>\n\t\t\t\t<div class=\"elementor-element elementor-element-5294347f elementor-widget elementor-widget-heading\" data-id=\"5294347f\" data-element_type=\"widget\" data-widget_type=\"heading.default\">\n\t\t\t\t<div class=\"elementor-widget-container\">\n\t\t\t<h2 class=\"elementor-heading-title elementor-size-default\"><a href=\"http:\/\/www.pratique-immo.com\/index.php\/projets\/\">Je pense \u00e0 la location<\/a><\/h2>\t\t<\/div>\n\t\t\t\t<\/div>\n\t\t\t\t\t<\/div>\n\t\t<\/div>\n\t\t\t\t\t\t\t<\/div>\n\t\t<\/section>\n\t\t\t\t\t<\/div>\n\t\t<\/div>\n\t\t\t\t\t\t\t<\/div>\n\t\t<\/section>\n\t\t\t\t<section class=\"elementor-section elementor-top-section elementor-element elementor-element-1b77f74 elementor-section-boxed elementor-section-height-default elementor-section-height-default\" data-id=\"1b77f74\" data-element_type=\"section\">\n\t\t\t\t\t\t<div class=\"elementor-container elementor-column-gap-default\">\n\t\t\t\t\t<div class=\"elementor-column elementor-col-100 elementor-top-column elementor-element elementor-element-56b34494 elementor-invisible\" data-id=\"56b34494\" data-element_type=\"column\" data-settings=\"{&quot;animation&quot;:&quot;fadeIn&quot;}\">\n\t\t\t<div class=\"elementor-widget-wrap elementor-element-populated\">\n\t\t\t\t\t\t\t\t<section class=\"elementor-section elementor-inner-section elementor-element elementor-element-566f318c elementor-section-boxed elementor-section-height-default elementor-section-height-default\" data-id=\"566f318c\" data-element_type=\"section\" data-settings=\"{&quot;background_background&quot;:&quot;classic&quot;}\">\n\t\t\t\t\t\t<div class=\"elementor-container elementor-column-gap-default\">\n\t\t\t\t\t<div class=\"elementor-column elementor-col-100 elementor-inner-column elementor-element elementor-element-5dc422d3 classBT01\" data-id=\"5dc422d3\" data-element_type=\"column\" id=\"idP1B1\" data-settings=\"{&quot;background_background&quot;:&quot;classic&quot;,&quot;animation_mobile&quot;:&quot;none&quot;}\">\n\t\t\t<div class=\"elementor-widget-wrap elementor-element-populated\">\n\t\t\t\t\t\t\t\t<div class=\"elementor-element elementor-element-752a548 elementor-widget elementor-widget-image\" data-id=\"752a548\" data-element_type=\"widget\" data-widget_type=\"image.default\">\n\t\t\t\t<div class=\"elementor-widget-container\">\n\t\t\t\t\t\t\t\t\t\t\t\t\t\t\t\t<a href=\"http:\/\/www.pratique-immo.com\/index.php\/construire\/\">\n\t\t\t\t\t\t\t<img loading=\"lazy\" decoding=\"async\" width=\"300\" height=\"173\" src=\"https:\/\/www.pratique-immo.com\/wp-content\/uploads\/2022\/06\/terrain_av-300x173.png\" class=\"attachment-medium size-medium\" alt=\"\" srcset=\"https:\/\/www.pratique-immo.com\/wp-content\/uploads\/2022\/06\/terrain_av-300x173.png 300w, https:\/\/www.pratique-immo.com\/wp-content\/uploads\/2022\/06\/terrain_av-1024x590.png 1024w, https:\/\/www.pratique-immo.com\/wp-content\/uploads\/2022\/06\/terrain_av-768x442.png 768w, https:\/\/www.pratique-immo.com\/wp-content\/uploads\/2022\/06\/terrain_av.png 1042w\" sizes=\"auto, (max-width: 300px) 100vw, 300px\" \/>\t\t\t\t\t\t\t\t<\/a>\n\t\t\t\t\t\t\t\t\t\t\t\t\t\t\t<\/div>\n\t\t\t\t<\/div>\n\t\t\t\t<div class=\"elementor-element elementor-element-3c09211b elementor-widget elementor-widget-heading\" data-id=\"3c09211b\" data-element_type=\"widget\" data-widget_type=\"heading.default\">\n\t\t\t\t<div class=\"elementor-widget-container\">\n\t\t\t<h2 class=\"elementor-heading-title elementor-size-default\"><a href=\"http:\/\/www.pratique-immo.com\/index.php\/construire\/\">et faire construire ?<\/a><\/h2>\t\t<\/div>\n\t\t\t\t<\/div>\n\t\t\t\t\t<\/div>\n\t\t<\/div>\n\t\t\t\t\t\t\t<\/div>\n\t\t<\/section>\n\t\t\t\t\t<\/div>\n\t\t<\/div>\n\t\t\t\t\t\t\t<\/div>\n\t\t<\/section>\n\t\t\t\t<section class=\"elementor-section elementor-top-section elementor-element elementor-element-19125d8 elementor-section-boxed elementor-section-height-default elementor-section-height-default\" data-id=\"19125d8\" data-element_type=\"section\">\n\t\t\t\t\t\t<div class=\"elementor-container elementor-column-gap-default\">\n\t\t\t\t\t<div class=\"elementor-column elementor-col-100 elementor-top-column elementor-element elementor-element-10531a5\" data-id=\"10531a5\" data-element_type=\"column\">\n\t\t\t<div class=\"elementor-widget-wrap elementor-element-populated\">\n\t\t\t\t\t\t\t\t<div class=\"elementor-element elementor-element-851ca34 elementor-widget elementor-widget-image\" data-id=\"851ca34\" data-element_type=\"widget\" data-widget_type=\"image.default\">\n\t\t\t\t<div class=\"elementor-widget-container\">\n\t\t\t\t\t\t\t\t\t\t\t\t\t\t\t<img decoding=\"async\" src=\"http:\/\/www.pratique-immo.com\/general.php?page=unprojet\" title=\"\" alt=\"unprojet\" \/>\t\t\t\t\t\t\t\t\t\t\t\t\t\t\t<\/div>\n\t\t\t\t<\/div>\n\t\t\t\t\t<\/div>\n\t\t<\/div>\n\t\t\t\t\t\t\t<\/div>\n\t\t<\/section>\n\t\t\t\t\t\t\t<\/div>\n\t\t","protected":false},"excerpt":{"rendered":"<p>Je pense \u00e0 vendre mon bien Je cherche \u00e0 acheter Je pense \u00e0 la location et faire construire ?<\/p>\n","protected":false},"author":1,"featured_media":0,"parent":0,"menu_order":0,"comment_status":"closed","ping_status":"closed","template":"","meta":{"footnotes":""},"class_list":["post-74","page","type-page","status-publish","hentry"],"yoast_head":"<!-- This site is optimized with the Yoast SEO plugin v19.5.1 - https:\/\/yoast.com\/wordpress\/plugins\/seo\/ -->\n<title>Projets - Pascal B. Agent commercial<\/title>\n<meta name=\"robots\" content=\"index, follow, max-snippet:-1, max-image-preview:large, max-video-preview:-1\" \/>\n<link rel=\"canonical\" href=\"https:\/\/www.pratique-immo.com\/index.php\/projets\/\" \/>\n<meta property=\"og:locale\" content=\"fr_FR\" \/>\n<meta property=\"og:type\" content=\"article\" \/>\n<meta property=\"og:title\" content=\"Projets - Pascal B. Agent commercial\" \/>\n<meta property=\"og:description\" content=\"Je pense \u00e0 vendre mon bien Je cherche \u00e0 acheter Je pense \u00e0 la location et faire construire ?\" \/>\n<meta property=\"og:url\" content=\"https:\/\/www.pratique-immo.com\/index.php\/projets\/\" \/>\n<meta property=\"og:site_name\" content=\"Pascal B. Agent commercial\" \/>\n<meta property=\"article:modified_time\" content=\"2022-07-14T10:51:47+00:00\" \/>\n<meta property=\"og:image\" content=\"http:\/\/www.pratique-immo.com\/wp-content\/uploads\/2022\/06\/maison_av-300x271.png\" \/>\n<meta name=\"twitter:card\" content=\"summary_large_image\" \/>\n<script type=\"application\/ld+json\" class=\"yoast-schema-graph\">{\"@context\":\"https:\/\/schema.org\",\"@graph\":[{\"@type\":\"WebPage\",\"@id\":\"https:\/\/www.pratique-immo.com\/index.php\/projets\/\",\"url\":\"https:\/\/www.pratique-immo.com\/index.php\/projets\/\",\"name\":\"Projets - Pascal B. Agent commercial\",\"isPartOf\":{\"@id\":\"http:\/\/www.pratique-immo.com\/#website\"},\"datePublished\":\"2022-06-11T14:01:31+00:00\",\"dateModified\":\"2022-07-14T10:51:47+00:00\",\"breadcrumb\":{\"@id\":\"https:\/\/www.pratique-immo.com\/index.php\/projets\/#breadcrumb\"},\"inLanguage\":\"fr-FR\",\"potentialAction\":[{\"@type\":\"ReadAction\",\"target\":[\"https:\/\/www.pratique-immo.com\/index.php\/projets\/\"]}]},{\"@type\":\"BreadcrumbList\",\"@id\":\"https:\/\/www.pratique-immo.com\/index.php\/projets\/#breadcrumb\",\"itemListElement\":[{\"@type\":\"ListItem\",\"position\":1,\"name\":\"Accueil\",\"item\":\"http:\/\/www.pratique-immo.com\/\"},{\"@type\":\"ListItem\",\"position\":2,\"name\":\"Projets\"}]},{\"@type\":\"WebSite\",\"@id\":\"http:\/\/www.pratique-immo.com\/#website\",\"url\":\"http:\/\/www.pratique-immo.com\/\",\"name\":\"Pascal B. Agent commercial\",\"description\":\"Quel est votre projet ?\",\"publisher\":{\"@id\":\"http:\/\/www.pratique-immo.com\/#\/schema\/person\/e0633f6e78b190e693c7faa8a3c479ca\"},\"potentialAction\":[{\"@type\":\"SearchAction\",\"target\":{\"@type\":\"EntryPoint\",\"urlTemplate\":\"http:\/\/www.pratique-immo.com\/?s={search_term_string}\"},\"query-input\":\"required name=search_term_string\"}],\"inLanguage\":\"fr-FR\"},{\"@type\":[\"Person\",\"Organization\"],\"@id\":\"http:\/\/www.pratique-immo.com\/#\/schema\/person\/e0633f6e78b190e693c7faa8a3c479ca\",\"name\":\"adminwp2022\",\"image\":{\"@type\":\"ImageObject\",\"inLanguage\":\"fr-FR\",\"@id\":\"http:\/\/www.pratique-immo.com\/#\/schema\/person\/image\/\",\"url\":\"https:\/\/www.pratique-immo.com\/wp-content\/uploads\/2022\/06\/logo_simple.png\",\"contentUrl\":\"https:\/\/www.pratique-immo.com\/wp-content\/uploads\/2022\/06\/logo_simple.png\",\"width\":1337,\"height\":625,\"caption\":\"adminwp2022\"},\"logo\":{\"@id\":\"http:\/\/www.pratique-immo.com\/#\/schema\/person\/image\/\"},\"sameAs\":[\"http:\/\/www.pratique-immo.com\"]}]}<\/script>\n<!-- \/ Yoast SEO plugin. -->","yoast_head_json":{"title":"Projets - Pascal B. Agent commercial","robots":{"index":"index","follow":"follow","max-snippet":"max-snippet:-1","max-image-preview":"max-image-preview:large","max-video-preview":"max-video-preview:-1"},"canonical":"https:\/\/www.pratique-immo.com\/index.php\/projets\/","og_locale":"fr_FR","og_type":"article","og_title":"Projets - Pascal B. Agent commercial","og_description":"Je pense \u00e0 vendre mon bien Je cherche \u00e0 acheter Je pense \u00e0 la location et faire construire ?","og_url":"https:\/\/www.pratique-immo.com\/index.php\/projets\/","og_site_name":"Pascal B. Agent commercial","article_modified_time":"2022-07-14T10:51:47+00:00","og_image":[{"url":"http:\/\/www.pratique-immo.com\/wp-content\/uploads\/2022\/06\/maison_av-300x271.png"}],"twitter_card":"summary_large_image","schema":{"@context":"https:\/\/schema.org","@graph":[{"@type":"WebPage","@id":"https:\/\/www.pratique-immo.com\/index.php\/projets\/","url":"https:\/\/www.pratique-immo.com\/index.php\/projets\/","name":"Projets - Pascal B. Agent commercial","isPartOf":{"@id":"http:\/\/www.pratique-immo.com\/#website"},"datePublished":"2022-06-11T14:01:31+00:00","dateModified":"2022-07-14T10:51:47+00:00","breadcrumb":{"@id":"https:\/\/www.pratique-immo.com\/index.php\/projets\/#breadcrumb"},"inLanguage":"fr-FR","potentialAction":[{"@type":"ReadAction","target":["https:\/\/www.pratique-immo.com\/index.php\/projets\/"]}]},{"@type":"BreadcrumbList","@id":"https:\/\/www.pratique-immo.com\/index.php\/projets\/#breadcrumb","itemListElement":[{"@type":"ListItem","position":1,"name":"Accueil","item":"http:\/\/www.pratique-immo.com\/"},{"@type":"ListItem","position":2,"name":"Projets"}]},{"@type":"WebSite","@id":"http:\/\/www.pratique-immo.com\/#website","url":"http:\/\/www.pratique-immo.com\/","name":"Pascal B. Agent commercial","description":"Quel est votre projet ?","publisher":{"@id":"http:\/\/www.pratique-immo.com\/#\/schema\/person\/e0633f6e78b190e693c7faa8a3c479ca"},"potentialAction":[{"@type":"SearchAction","target":{"@type":"EntryPoint","urlTemplate":"http:\/\/www.pratique-immo.com\/?s={search_term_string}"},"query-input":"required name=search_term_string"}],"inLanguage":"fr-FR"},{"@type":["Person","Organization"],"@id":"http:\/\/www.pratique-immo.com\/#\/schema\/person\/e0633f6e78b190e693c7faa8a3c479ca","name":"adminwp2022","image":{"@type":"ImageObject","inLanguage":"fr-FR","@id":"http:\/\/www.pratique-immo.com\/#\/schema\/person\/image\/","url":"https:\/\/www.pratique-immo.com\/wp-content\/uploads\/2022\/06\/logo_simple.png","contentUrl":"https:\/\/www.pratique-immo.com\/wp-content\/uploads\/2022\/06\/logo_simple.png","width":1337,"height":625,"caption":"adminwp2022"},"logo":{"@id":"http:\/\/www.pratique-immo.com\/#\/schema\/person\/image\/"},"sameAs":["http:\/\/www.pratique-immo.com"]}]}},"_links":{"self":[{"href":"https:\/\/www.pratique-immo.com\/index.php\/wp-json\/wp\/v2\/pages\/74","targetHints":{"allow":["GET"]}}],"collection":[{"href":"https:\/\/www.pratique-immo.com\/index.php\/wp-json\/wp\/v2\/pages"}],"about":[{"href":"https:\/\/www.pratique-immo.com\/index.php\/wp-json\/wp\/v2\/types\/page"}],"author":[{"embeddable":true,"href":"https:\/\/www.pratique-immo.com\/index.php\/wp-json\/wp\/v2\/users\/1"}],"replies":[{"embeddable":true,"href":"https:\/\/www.pratique-immo.com\/index.php\/wp-json\/wp\/v2\/comments?post=74"}],"version-history":[{"count":67,"href":"https:\/\/www.pratique-immo.com\/index.php\/wp-json\/wp\/v2\/pages\/74\/revisions"}],"predecessor-version":[{"id":832,"href":"https:\/\/www.pratique-immo.com\/index.php\/wp-json\/wp\/v2\/pages\/74\/revisions\/832"}],"wp:attachment":[{"href":"https:\/\/www.pratique-immo.com\/index.php\/wp-json\/wp\/v2\/media?parent=74"}],"curies":[{"name":"wp","href":"https:\/\/api.w.org\/{rel}","templated":true}]}}